{"id":1499,"date":"2025-12-30T17:38:52","date_gmt":"2025-12-30T22:38:52","guid":{"rendered":"https:\/\/skimaster.ca\/?post_type=product&#038;p=1499"},"modified":"2025-12-30T17:43:26","modified_gmt":"2025-12-30T22:43:26","slug":"autriche-2025-camp-de-performance-3-copy","status":"publish","type":"product","link":"https:\/\/skimaster.ca\/fr\/produit\/autriche-2025-camp-de-performance-3-copy\/","title":{"rendered":"AUTRICHE 2026 &#8211; CAMP DE PERFORMANCE 3"},"content":{"rendered":"<h2><strong>Du 28 octobre au 16 novembre 2026<\/strong><\/h2>\n<h2>Le forfait complet comprend :<\/h2>\n<ul>\n<li><span style=\"color: #000000;\">H\u00e9bergement (y compris les petits d\u00e9jeuners)<\/span><\/li>\n<li><span style=\"color: #000000;\">Forfait repas (d\u00eener \u00e0 la maison avec notre propre chef)<\/span><\/li>\n<li><span style=\"color: #000000;\">Billets de remont\u00e9es m\u00e9caniques<\/span><\/li>\n<li><span style=\"color: #000000;\">Entra\u00eenement par des entra\u00eeneurs certifi\u00e9s (gates SL\/GS et ski libre technique)<\/span><\/li>\n<li><span style=\"color: #000000;\">Physioth\u00e9rapeute<\/span><\/li>\n<li><span style=\"color: #000000;\">Courses chronom\u00e9tr\u00e9es avec d&rsquo;autres \u00e9quipes<\/span><\/li>\n<li><span style=\"color: #000000;\">Analyse vid\u00e9o des descentes quotidiennes<\/span><\/li>\n<li><span style=\"color: #000000;\">Couloirs d&rsquo;entra\u00eenement sur neige<\/span><\/li>\n<li><span style=\"color: #000000;\">Entra\u00eenement sur terrain sec &#8211; apr\u00e8s-ski<\/span><\/li>\n<li><span style=\"color: #000000;\">S\u00e9ance de r\u00e9glage des skis<\/span><\/li>\n<li><span style=\"color: #000000;\">Location de voiture partag\u00e9e<\/span><\/li>\n<li><span style=\"color: #000000;\">Une ou deux visites nocturnes \u00e0 Salzbourg ou Innsbruck<\/span><\/li>\n<li><span style=\"color: #000000;\">Sauna<\/span><\/li>\n<li><span style=\"color: #000000;\">Bain \u00e0 remous<\/span><\/li>\n<li><span style=\"color: #000000;\">Tous les transports et la prise en charge \u00e0 l&rsquo;a\u00e9roport<\/span><\/li>\n<li><span style=\"color: #000000;\">Assurance m\u00e9dicale (en option)<\/span><\/li>\n<li><span style=\"color: #000000;\">Connexion Internet Wi-Fi dans chaque chambre<\/span><\/li>\n<li><span style=\"color: #000000;\">Chambres individuelles disponibles \u00e0 un co\u00fbt suppl\u00e9mentaire<\/span><\/li>\n<li><span style=\"color: #000000;\">Le billet d&rsquo;avion n&rsquo;est pas inclus***<\/span><\/li>\n<\/ul>\n","protected":false},"excerpt":{"rendered":"<h2><strong>Du 28 octobre au 16 novembre 2026<\/strong><\/h2>\n","protected":false},"author":1,"featured_media":1506,"comment_status":"closed","ping_status":"closed","template":"","meta":{"_et_pb_use_builder":"off","_et_pb_old_content":"<h2>Le forfait complet comprend :<\/h2>\r\n<ul>\r\n<li><span style=\"color: #000000;\">H\u00e9bergement (y compris les petits d\u00e9jeuners)<\/span><\/li>\r\n<li><span style=\"color: #000000;\">Forfait repas (d\u00eener \u00e0 la maison avec notre propre chef)<\/span><\/li>\r\n<li><span style=\"color: #000000;\">Billets de remont\u00e9es m\u00e9caniques<\/span><\/li>\r\n<li><span style=\"color: #000000;\">Entra\u00eenement par des entra\u00eeneurs certifi\u00e9s (gates SL\/GS et ski libre technique)<\/span><\/li>\r\n<li><span style=\"color: #000000;\">Physioth\u00e9rapeute<\/span><\/li>\r\n<li><span style=\"color: #000000;\">Courses chronom\u00e9tr\u00e9es avec d'autres \u00e9quipes<\/span><\/li>\r\n<li><span style=\"color: #000000;\">Analyse vid\u00e9o des descentes quotidiennes<\/span><\/li>\r\n<li><span style=\"color: #000000;\">Couloirs d'entra\u00eenement sur neige<\/span><\/li>\r\n<li><span style=\"color: #000000;\">Entra\u00eenement sur terrain sec - apr\u00e8s-ski<\/span><\/li>\r\n<li><span style=\"color: #000000;\">S\u00e9ance de r\u00e9glage des skis<\/span><\/li>\r\n<li><span style=\"color: #000000;\">Location de voiture partag\u00e9e<\/span><\/li>\r\n<li><span style=\"color: #000000;\">Une ou deux visites nocturnes \u00e0 Salzbourg ou Innsbruck<\/span><\/li>\r\n<li><span style=\"color: #000000;\">Sauna<\/span><\/li>\r\n<li><span style=\"color: #000000;\">Bain \u00e0 remous<\/span><\/li>\r\n<li><span style=\"color: #000000;\">Tous les transports et la prise en charge \u00e0 l'a\u00e9roport<\/span><\/li>\r\n<li><span style=\"color: #000000;\">Assurance m\u00e9dicale (en option)<\/span><\/li>\r\n<li><span style=\"color: #000000;\">Connexion Internet Wi-Fi dans chaque chambre<\/span><\/li>\r\n<li><span style=\"color: #000000;\">Chambres individuelles disponibles \u00e0 un co\u00fbt suppl\u00e9mentaire<\/span><\/li>\r\n<li><span style=\"color: #000000;\">Le billet d'avion n'est pas inclus***<\/span><\/li>\r\n<\/ul>","_et_gb_content_width":""},"product_brand":[],"product_cat":[55,70],"product_tag":[57,58,56],"class_list":{"0":"post-1499","1":"product","2":"type-product","3":"status-publish","4":"has-post-thumbnail","6":"product_cat-winter-camps-fr","7":"product_cat-trainnig-camps","8":"product_tag-alps-fr","9":"product_tag-austria-fr","10":"product_tag-europe-fr","12":"first","13":"instock","14":"shipping-taxable","15":"purchasable","16":"product-type-variable"},"_links":{"self":[{"href":"https:\/\/skimaster.ca\/fr\/wp-json\/wp\/v2\/product\/1499","targetHints":{"allow":["GET"]}}],"collection":[{"href":"https:\/\/skimaster.ca\/fr\/wp-json\/wp\/v2\/product"}],"about":[{"href":"https:\/\/skimaster.ca\/fr\/wp-json\/wp\/v2\/types\/product"}],"author":[{"embeddable":true,"href":"https:\/\/skimaster.ca\/fr\/wp-json\/wp\/v2\/users\/1"}],"replies":[{"embeddable":true,"href":"https:\/\/skimaster.ca\/fr\/wp-json\/wp\/v2\/comments?post=1499"}],"wp:featuredmedia":[{"embeddable":true,"href":"https:\/\/skimaster.ca\/fr\/wp-json\/wp\/v2\/media\/1506"}],"wp:attachment":[{"href":"https:\/\/skimaster.ca\/fr\/wp-json\/wp\/v2\/media?parent=1499"}],"wp:term":[{"taxonomy":"product_brand","embeddable":true,"href":"https:\/\/skimaster.ca\/fr\/wp-json\/wp\/v2\/product_brand?post=1499"},{"taxonomy":"product_cat","embeddable":true,"href":"https:\/\/skimaster.ca\/fr\/wp-json\/wp\/v2\/product_cat?post=1499"},{"taxonomy":"product_tag","embeddable":true,"href":"https:\/\/skimaster.ca\/fr\/wp-json\/wp\/v2\/product_tag?post=1499"}],"curies":[{"name":"wp","href":"https:\/\/api.w.org\/{rel}","templated":true}]}}