{"id":1487,"date":"2025-12-30T17:40:35","date_gmt":"2025-12-30T22:40:35","guid":{"rendered":"https:\/\/skimaster.ca\/?post_type=product&#038;p=1487"},"modified":"2025-12-30T17:43:51","modified_gmt":"2025-12-30T22:43:51","slug":"autriche-2025-camp-de-performance-2-copy","status":"publish","type":"product","link":"https:\/\/skimaster.ca\/fr\/produit\/autriche-2025-camp-de-performance-2-copy\/","title":{"rendered":"AUTRICHE 2026 &#8211; CAMP DE PERFORMANCE 2"},"content":{"rendered":"<h2>6 &#8211; 16 novembre 2026<\/h2>\n<h2>Le forfait complet comprend :<\/h2>\n<ul>\n<li>H\u00e9bergement (y compris les petits d\u00e9jeuners)<\/li>\n<li>Forfait repas (d\u00eener \u00e0 la maison avec notre propre chef)<\/li>\n<li>Billets de remont\u00e9es m\u00e9caniques<\/li>\n<li>Entra\u00eenement par des entra\u00eeneurs certifi\u00e9s (gates SL\/GS et ski libre technique)<\/li>\n<li>Physioth\u00e9rapeute<\/li>\n<li>Courses chronom\u00e9tr\u00e9es avec d&rsquo;autres \u00e9quipes<\/li>\n<li>Analyse vid\u00e9o des descentes quotidiennes<\/li>\n<li>Couloirs d&rsquo;entra\u00eenement sur neige<\/li>\n<li>Entra\u00eenement sur terrain sec &#8211; apr\u00e8s-ski<\/li>\n<li>S\u00e9ance de r\u00e9glage des skis<\/li>\n<li>Location de voiture partag\u00e9e<\/li>\n<li>Une ou deux visites nocturnes \u00e0 Salzbourg ou Innsbruck<\/li>\n<li>Sauna<\/li>\n<li>Bain \u00e0 remous<\/li>\n<li>Tous les transports et la prise en charge \u00e0 l&rsquo;a\u00e9roport<\/li>\n<li>Assurance m\u00e9dicale (en option)<\/li>\n<li>Connexion Internet Wi-Fi dans chaque chambre<\/li>\n<li>Chambres individuelles disponibles \u00e0 un co\u00fbt suppl\u00e9mentaire<\/li>\n<li>Le billet d&rsquo;avion n&rsquo;est pas inclus***<\/li>\n<\/ul>\n","protected":false},"excerpt":{"rendered":"<h2>7 &#8211; 17 Novembre 2025<\/h2>\n","protected":false},"author":1,"featured_media":1494,"comment_status":"closed","ping_status":"closed","template":"","meta":{"_et_pb_use_builder":"off","_et_pb_old_content":"<h2>Le forfait complet comprend :<\/h2>\r\n<ul>\r\n<li>H\u00e9bergement (y compris les petits d\u00e9jeuners)<\/li>\r\n<li>Forfait repas (d\u00eener \u00e0 la maison avec notre propre chef)<\/li>\r\n<li>Billets de remont\u00e9es m\u00e9caniques<\/li>\r\n<li>Entra\u00eenement par des entra\u00eeneurs certifi\u00e9s (gates SL\/GS et ski libre technique)<\/li>\r\n<li>Physioth\u00e9rapeute<\/li>\r\n<li>Courses chronom\u00e9tr\u00e9es avec d'autres \u00e9quipes<\/li>\r\n<li>Analyse vid\u00e9o des descentes quotidiennes<\/li>\r\n<li>Couloirs d'entra\u00eenement sur neige<\/li>\r\n<li>Entra\u00eenement sur terrain sec - apr\u00e8s-ski<\/li>\r\n<li>S\u00e9ance de r\u00e9glage des skis<\/li>\r\n<li>Location de voiture partag\u00e9e<\/li>\r\n<li>Une ou deux visites nocturnes \u00e0 Salzbourg ou Innsbruck<\/li>\r\n<li>Sauna<\/li>\r\n<li>Bain \u00e0 remous<\/li>\r\n<li>Tous les transports et la prise en charge \u00e0 l'a\u00e9roport<\/li>\r\n<li>Assurance m\u00e9dicale (en option)<\/li>\r\n<li>Connexion Internet Wi-Fi dans chaque chambre<\/li>\r\n<li>Chambres individuelles disponibles \u00e0 un co\u00fbt suppl\u00e9mentaire<\/li>\r\n<li>Le billet d'avion n'est pas inclus***<\/li>\r\n<\/ul>\r\n<ul>\r\n<li>Accommodation (includes breakfasts)<\/li>\r\n<li>Meal package (dinner-at home plan with our own chef)<\/li>\r\n<li>Lift tickets<\/li>\r\n<li>Training by highly certified coaches (gates SL\/GS and technical free skiing)<\/li>\r\n<li>Physiotherapist<\/li>\r\n<li>Timed runs with other teams<\/li>\r\n<li>Video Analysis of daily runs<\/li>\r\n<li>On snow training lanes<\/li>\r\n<li>Dryland training \u2013 apres \u2013 ski<\/li>\r\n<li>Ski Tuning Session<\/li>\r\n<li>Shared car rental<\/li>\r\n<li>One or two evening visit to Salzburg or Innsbruck<\/li>\r\n<li>Sauna<\/li>\r\n<li>Whirlpool<\/li>\r\n<li>All transportation and airport pick-ups<\/li>\r\n<li>Medical Insurance (optional)<\/li>\r\n<li>Wi-Fi Internet connection in each room<\/li>\r\n<li>\u00b7Single rooms available at additional cost<\/li>\r\n<li>Airfare NOT included***<\/li>\r\n<\/ul>","_et_gb_content_width":""},"product_brand":[],"product_cat":[55,70],"product_tag":[57,58,56],"class_list":{"0":"post-1487","1":"product","2":"type-product","3":"status-publish","4":"has-post-thumbnail","6":"product_cat-winter-camps-fr","7":"product_cat-trainnig-camps","8":"product_tag-alps-fr","9":"product_tag-austria-fr","10":"product_tag-europe-fr","12":"first","13":"instock","14":"shipping-taxable","15":"purchasable","16":"product-type-variable"},"_links":{"self":[{"href":"https:\/\/skimaster.ca\/fr\/wp-json\/wp\/v2\/product\/1487","targetHints":{"allow":["GET"]}}],"collection":[{"href":"https:\/\/skimaster.ca\/fr\/wp-json\/wp\/v2\/product"}],"about":[{"href":"https:\/\/skimaster.ca\/fr\/wp-json\/wp\/v2\/types\/product"}],"author":[{"embeddable":true,"href":"https:\/\/skimaster.ca\/fr\/wp-json\/wp\/v2\/users\/1"}],"replies":[{"embeddable":true,"href":"https:\/\/skimaster.ca\/fr\/wp-json\/wp\/v2\/comments?post=1487"}],"wp:featuredmedia":[{"embeddable":true,"href":"https:\/\/skimaster.ca\/fr\/wp-json\/wp\/v2\/media\/1494"}],"wp:attachment":[{"href":"https:\/\/skimaster.ca\/fr\/wp-json\/wp\/v2\/media?parent=1487"}],"wp:term":[{"taxonomy":"product_brand","embeddable":true,"href":"https:\/\/skimaster.ca\/fr\/wp-json\/wp\/v2\/product_brand?post=1487"},{"taxonomy":"product_cat","embeddable":true,"href":"https:\/\/skimaster.ca\/fr\/wp-json\/wp\/v2\/product_cat?post=1487"},{"taxonomy":"product_tag","embeddable":true,"href":"https:\/\/skimaster.ca\/fr\/wp-json\/wp\/v2\/product_tag?post=1487"}],"curies":[{"name":"wp","href":"https:\/\/api.w.org\/{rel}","templated":true}]}}