{"id":574,"date":"2023-08-03T10:08:29","date_gmt":"2023-08-03T14:08:29","guid":{"rendered":"https:\/\/skimaster.ca\/boutique\/"},"modified":"2024-02-05T19:49:44","modified_gmt":"2024-02-06T00:49:44","slug":"camps","status":"publish","type":"page","link":"https:\/\/skimaster.ca\/fr\/camps\/","title":{"rendered":"Camps \u00e0 venir"},"content":{"rendered":"<p>[et_pb_section fb_built=\u00a0\u00bb1&Prime; _builder_version=\u00a0\u00bb4.22.0&Prime; _module_preset=\u00a0\u00bbdefault\u00a0\u00bb background_color=\u00a0\u00bbrgba(33,33,33,0.74)\u00a0\u00bb background_color_gradient_start=\u00a0\u00bbrgba(33,40,58,0.9)\u00a0\u00bb background_color_gradient_end=\u00a0\u00bbrgba(33,40,58,0.9)\u00a0\u00bb background_image=\u00a0\u00bbhttps:\/\/skimaster.ca\/wp-content\/uploads\/2023\/08\/skimaster-header-3-min.jpg\u00a0\u00bb background_blend=\u00a0\u00bbmultiply\u00a0\u00bb custom_margin=\u00a0\u00bb||0px||false|false\u00a0\u00bb custom_padding=\u00a0\u00bb100px||100px||true|false\u00a0\u00bb locked=\u00a0\u00bboff\u00a0\u00bb global_colors_info=\u00a0\u00bb{}\u00a0\u00bb][et_pb_row make_equal=\u00a0\u00bbon\u00a0\u00bb custom_padding_last_edited=\u00a0\u00bbon|phone\u00a0\u00bb _builder_version=\u00a0\u00bb4.16&Prime; _module_preset=\u00a0\u00bbdefault\u00a0\u00bb custom_padding=\u00a0\u00bb100px||100px||true|false\u00a0\u00bb custom_padding_tablet=\u00a0\u00bb60px||60px||true|false\u00a0\u00bb custom_padding_phone=\u00a0\u00bb40px||40px||true|false\u00a0\u00bb custom_css_main_element=\u00a0\u00bbalign-items: center;\u00a0\u00bb global_colors_info=\u00a0\u00bb{}\u00a0\u00bb][et_pb_column type=\u00a0\u00bb4_4&Prime; _builder_version=\u00a0\u00bb4.16&Prime; _module_preset=\u00a0\u00bbdefault\u00a0\u00bb animation_direction=\u00a0\u00bbleft\u00a0\u00bb global_colors_info=\u00a0\u00bb{}\u00a0\u00bb][et_pb_text _builder_version=\u00a0\u00bb4.22.0&Prime; _dynamic_attributes=\u00a0\u00bbcontent\u00a0\u00bb _module_preset=\u00a0\u00bbdefault\u00a0\u00bb header_font=\u00a0\u00bb|600|||||||\u00a0\u00bb text_orientation=\u00a0\u00bbcenter\u00a0\u00bb background_layout=\u00a0\u00bbdark\u00a0\u00bb header_font_size_tablet=\u00a0\u00bb40px\u00a0\u00bb header_font_size_phone=\u00a0\u00bb36px\u00a0\u00bb header_font_size_last_edited=\u00a0\u00bbon|phone\u00a0\u00bb global_colors_info=\u00a0\u00bb{}\u00a0\u00bb]@ET-DC@eyJkeW5hbWljIjp0cnVlLCJjb250ZW50IjoicG9zdF90aXRsZSIsInNldHRpbmdzIjp7ImJlZm9yZSI6IjxoMT4iLCJhZnRlciI6IjwvaDE+In19@[\/et_pb_text][\/et_pb_column][\/et_pb_row][\/et_pb_section][et_pb_section fb_built=\u00a0\u00bb1&Prime; admin_label=\u00a0\u00bbSection\u00a0\u00bb _builder_version=\u00a0\u00bb4.16&Prime; _module_preset=\u00a0\u00bbdefault\u00a0\u00bb locked=\u00a0\u00bboff\u00a0\u00bb global_colors_info=\u00a0\u00bb{}\u00a0\u00bb][et_pb_row custom_padding_last_edited=\u00a0\u00bbon|phone\u00a0\u00bb _builder_version=\u00a0\u00bb4.16&Prime; _module_preset=\u00a0\u00bbdefault\u00a0\u00bb custom_padding_tablet=\u00a0\u00bb0px||||false|false\u00a0\u00bb custom_padding_phone=\u00a0\u00bb\u00a0\u00bb global_colors_info=\u00a0\u00bb{}\u00a0\u00bb][et_pb_column type=\u00a0\u00bb4_4&Prime; _builder_version=\u00a0\u00bb4.16&Prime; _module_preset=\u00a0\u00bbdefault\u00a0\u00bb background_enable_color=\u00a0\u00bboff\u00a0\u00bb custom_padding_tablet=\u00a0\u00bb20px|20px|20px|20px|true|true\u00a0\u00bb custom_padding_last_edited=\u00a0\u00bboff|desktop\u00a0\u00bb global_colors_info=\u00a0\u00bb{}\u00a0\u00bb][et_pb_text _builder_version=\u00a0\u00bb4.23.1&Prime; _module_preset=\u00a0\u00bbdefault\u00a0\u00bb header_2_font=\u00a0\u00bb|800|on|on|||||\u00a0\u00bb header_2_text_align=\u00a0\u00bbcenter\u00a0\u00bb header_2_font_size=\u00a0\u00bb50px\u00a0\u00bb custom_margin=\u00a0\u00bb||0px||false|false\u00a0\u00bb hover_enabled=\u00a0\u00bb0&Prime; global_colors_info=\u00a0\u00bb{}\u00a0\u00bb sticky_enabled=\u00a0\u00bb0&Prime;]<\/p>\n<h2><span>Camps d&rsquo;\u00e9t\u00e9<\/span><\/h2>\n<p>[\/et_pb_text][et_pb_divider color=\u00a0\u00bb#E09900&Prime; divider_weight=\u00a0\u00bb3px\u00a0\u00bb _builder_version=\u00a0\u00bb4.22.0&Prime; _module_preset=\u00a0\u00bbdefault\u00a0\u00bb width=\u00a0\u00bb50%\u00a0\u00bb width_tablet=\u00a0\u00bb50%\u00a0\u00bb width_phone=\u00a0\u00bb100%\u00a0\u00bb width_last_edited=\u00a0\u00bbon|phone\u00a0\u00bb module_alignment=\u00a0\u00bbcenter\u00a0\u00bb custom_margin=\u00a0\u00bb0px||0px||true|false\u00a0\u00bb global_colors_info=\u00a0\u00bb{}\u00a0\u00bb][\/et_pb_divider][dipl_woo_products_carousel product_layout=\u00a0\u00bblayout2&Prime; include_categories=\u00a0\u00bb37&Prime; no_result_text=\u00a0\u00bbAucun camp d&rsquo;\u00e9t\u00e9 n&rsquo;est pr\u00e9vu pour le moment.\u00a0\u00bb show_price=\u00a0\u00bboff\u00a0\u00bb show_add_to_cart=\u00a0\u00bboff\u00a0\u00bb show_sale_badge=\u00a0\u00bboff\u00a0\u00bb products_per_slide=\u00a0\u00bb3&Prime; equalize_slides_height=\u00a0\u00bbon\u00a0\u00bb show_arrow=\u00a0\u00bbon\u00a0\u00bb previous_slide_arrow=\u00a0\u00bb&#x44;||divi||400&Prime; next_slide_arrow=\u00a0\u00bb&#x45;||divi||400&Prime; arrows_position=\u00a0\u00bbtop_left\u00a0\u00bb arrows_custom_padding=\u00a0\u00bb3px|0px|3px|0px|true|true\u00a0\u00bb arrow_font_size=\u00a0\u00bb40px\u00a0\u00bb arrow_color=\u00a0\u00bb#E09900&Prime; arrow_background_border_size=\u00a0\u00bb2px\u00a0\u00bb arrow_background_border_color=\u00a0\u00bb#E09900&Prime; products_per_slide_tablet=\u00a0\u00bb2&Prime; products_per_slide_phone=\u00a0\u00bb1&Prime; _builder_version=\u00a0\u00bb4.23.1&Prime; _module_preset=\u00a0\u00bbdefault\u00a0\u00bb title_font=\u00a0\u00bb|600|||||||\u00a0\u00bb title_text_color=\u00a0\u00bb#E09900&Prime; title_font_size=\u00a0\u00bb16px\u00a0\u00bb loader_icon_text_text_color=\u00a0\u00bb#E09900&Prime; custom_margin=\u00a0\u00bb60px||||false|false\u00a0\u00bb hover_enabled=\u00a0\u00bb0&Prime; global_colors_info=\u00a0\u00bb{}\u00a0\u00bb sticky_enabled=\u00a0\u00bb0&Prime;][\/dipl_woo_products_carousel][\/et_pb_column][\/et_pb_row][et_pb_row custom_padding_last_edited=\u00a0\u00bbon|phone\u00a0\u00bb _builder_version=\u00a0\u00bb4.22.0&Prime; _module_preset=\u00a0\u00bbdefault\u00a0\u00bb custom_margin=\u00a0\u00bb50px||||false|false\u00a0\u00bb custom_padding=\u00a0\u00bb||80px||false|false\u00a0\u00bb custom_padding_tablet=\u00a0\u00bb0px||||false|false\u00a0\u00bb custom_padding_phone=\u00a0\u00bb\u00a0\u00bb global_colors_info=\u00a0\u00bb{}\u00a0\u00bb][et_pb_column type=\u00a0\u00bb4_4&Prime; _builder_version=\u00a0\u00bb4.16&Prime; _module_preset=\u00a0\u00bbdefault\u00a0\u00bb background_enable_color=\u00a0\u00bboff\u00a0\u00bb custom_padding_tablet=\u00a0\u00bb20px|20px|20px|20px|true|true\u00a0\u00bb custom_padding_last_edited=\u00a0\u00bboff|desktop\u00a0\u00bb global_colors_info=\u00a0\u00bb{}\u00a0\u00bb][et_pb_text _builder_version=\u00a0\u00bb4.23.1&Prime; _module_preset=\u00a0\u00bbdefault\u00a0\u00bb header_2_font=\u00a0\u00bb|800|on|on|||||\u00a0\u00bb header_2_text_align=\u00a0\u00bbcenter\u00a0\u00bb header_2_font_size=\u00a0\u00bb50px\u00a0\u00bb custom_margin=\u00a0\u00bb||0px||false|false\u00a0\u00bb hover_enabled=\u00a0\u00bb0&Prime; global_colors_info=\u00a0\u00bb{}\u00a0\u00bb sticky_enabled=\u00a0\u00bb0&Prime;]<\/p>\n<h2><span>Camps d&rsquo;hiver<\/span><\/h2>\n<p>[\/et_pb_text][et_pb_divider color=\u00a0\u00bb#E09900&Prime; divider_weight=\u00a0\u00bb3px\u00a0\u00bb _builder_version=\u00a0\u00bb4.22.0&Prime; _module_preset=\u00a0\u00bbdefault\u00a0\u00bb width=\u00a0\u00bb50%\u00a0\u00bb width_tablet=\u00a0\u00bb50%\u00a0\u00bb width_phone=\u00a0\u00bb100%\u00a0\u00bb width_last_edited=\u00a0\u00bbon|phone\u00a0\u00bb module_alignment=\u00a0\u00bbcenter\u00a0\u00bb custom_margin=\u00a0\u00bb0px||0px||true|false\u00a0\u00bb global_colors_info=\u00a0\u00bb{}\u00a0\u00bb][\/et_pb_divider][dipl_woo_products_carousel product_layout=\u00a0\u00bblayout2&Prime; include_categories=\u00a0\u00bb36&Prime; no_result_text=\u00a0\u00bbNous n&rsquo;avons pas de camps d&rsquo;hiver pr\u00e9vus pour le moment.\u00a0\u00bb show_price=\u00a0\u00bboff\u00a0\u00bb show_add_to_cart=\u00a0\u00bboff\u00a0\u00bb show_sale_badge=\u00a0\u00bboff\u00a0\u00bb products_per_slide=\u00a0\u00bb3&Prime; equalize_slides_height=\u00a0\u00bbon\u00a0\u00bb show_arrow=\u00a0\u00bbon\u00a0\u00bb previous_slide_arrow=\u00a0\u00bb&#x44;||divi||400&Prime; next_slide_arrow=\u00a0\u00bb&#x45;||divi||400&Prime; arrows_position=\u00a0\u00bbtop_left\u00a0\u00bb arrows_custom_padding=\u00a0\u00bb3px|0px|3px|0px|true|true\u00a0\u00bb arrow_font_size=\u00a0\u00bb40px\u00a0\u00bb arrow_color=\u00a0\u00bb#E09900&Prime; arrow_background_border_size=\u00a0\u00bb2px\u00a0\u00bb arrow_background_border_color=\u00a0\u00bb#E09900&Prime; products_per_slide_tablet=\u00a0\u00bb2&Prime; products_per_slide_phone=\u00a0\u00bb1&Prime; _builder_version=\u00a0\u00bb4.23.1&Prime; _module_preset=\u00a0\u00bbdefault\u00a0\u00bb title_font=\u00a0\u00bb|600|||||||\u00a0\u00bb title_text_color=\u00a0\u00bb#E09900&Prime; title_font_size=\u00a0\u00bb16px\u00a0\u00bb loader_icon_text_text_color=\u00a0\u00bb#E09900&Prime; custom_margin=\u00a0\u00bb60px||||false|false\u00a0\u00bb hover_enabled=\u00a0\u00bb0&Prime; global_colors_info=\u00a0\u00bb{}\u00a0\u00bb sticky_enabled=\u00a0\u00bb0&Prime;][\/dipl_woo_products_carousel][\/et_pb_column][\/et_pb_row][\/et_pb_section]<\/p>\n","protected":false},"excerpt":{"rendered":"<p>Camps d&rsquo;\u00e9t\u00e9<div class=\"et_pb_module dipl_woo_products_carousel dipl_woo_products_carousel_0\">\n\t\t\t\t\n\t\t\t\t\n\t\t\t\t\n\t\t\t\t\n\t\t\t\t\n\t\t\t\t\n\t\t\t\t<div class=\"et_pb_module_inner\">\n\t\t\t\t\t<div class=\"dipl_swiper_wrapper\"><div class=\"dipl_woo_products_carousel_layout dipl_swiper_inner_wrap layout2\"><div class=\"swiper-container\"><div class=\"swiper-wrapper\"><div class=\"dipl_woo_products_carousel_slide swiper-slide\"><div class=\"dipl_single_woo_product\">\r\n\t\t<div class=\"dipl_single_woo_product_thumbnail_wrapper\">\r\n\t\t\t<div class=\"dipl_single_woo_product_thumbnail\">\r\n\t\t\t\t<a href=\"https:\/\/skimaster.ca\/fr\/produit\/camp-dete-2025-en-autriche-copy\/\" title=\"Camp d&#039;\u00e9t\u00e9 2026 en Autriche\"><img width=\"300\" height=\"300\" src=\"https:\/\/skimaster.ca\/wp-content\/uploads\/2025\/12\/summer2026fr.jpg\" class=\"attachment-woocommerce_thumbnail size-woocommerce_thumbnail\" alt=\"Camp d&#039;\u00e9t\u00e9 2026 en Autriche\" decoding=\"async\" srcset=\"https:\/\/skimaster.ca\/wp-content\/uploads\/2025\/12\/summer2026fr.jpg 300w, https:\/\/skimaster.ca\/wp-content\/uploads\/2025\/12\/summer2026fr-150x150.jpg 150w, https:\/\/skimaster.ca\/wp-content\/uploads\/2025\/12\/summer2026fr-100x100.jpg 100w\" sizes=\"(max-width: 300px) 100vw, 300px\" \/> <\/a>\r\n\t\t\t<\/div>\r\n\t\t\t\r\n\t\t\t\r\n\t\t<\/div>\r\n\t\t\r\n\t\t<div class=\"dipl_single_woo_product_content\">\r\n\t\t\t<h4 class=\"dipl_single_woo_product_title\">\r\n\t\t\t\t<a href=\"https:\/\/skimaster.ca\/fr\/produit\/camp-dete-2025-en-autriche-copy\/\" title=\"Camp d&#039;\u00e9t\u00e9 2026 en Autriche\">Camp d&#039;\u00e9t\u00e9 2026 en Autriche<\/a>\r\n\t\t\t<\/h4>\r\n\t\t\t\r\n\t\t\t<div class=\"dipl_single_woo_product_info_wrapper\">\r\n\t\t\t\r\n\t\t\t\r\n\t\t\t<\/div>\r\n\t\t<\/div>\r\n\t<\/div><\/div><\/div> <!-- swiper-wrapper --><\/div> <!-- swiper-container --><div class=\"dipl_swiper_navigation\" data-arrows_desktop=\"top_left\"><div class=\"swiper-button-next\" data-next_slide_arrow=\"&#x45;\"><\/div> <div class=\"swiper-button-prev\" data-previous_slide_arrow=\"&#x44;\"><\/div><\/div><\/div> <!-- dipl_woo_products_carousel_layout --><\/div> <!-- dipl_swiper_wrapper --><script type=\"text\/javascript\">jQuery(function($) {var dipl_woo_products_carousel_0_swiper = new Swiper('.dipl_woo_products_carousel_0 .dipl_woo_products_carousel_layout > .swiper-container', {\r\n                            slidesPerView: 3,\r\n                            autoplay: {\r\n                                delay:3000,\r\n                                disableOnInteraction: true,\r\n                            },\r\n                            spaceBetween: 20,\r\n                            slidesPerGroup: 1,\r\n                            slidesPerGroupSkip: 2,\r\n                            effect: \"slide\",\r\n                            cubeEffect: false,\r\n                            coverflowEffect: false,\r\n                            fadeEffect: false,\r\n                            speed: 1000,\r\n                            loop: false,\r\n                            autoHeight: false,\r\n                            pagination: false,\r\n                            navigation: {    \r\n                            nextEl: '.dipl_woo_products_carousel_0 .dipl_woo_products_carousel_layout > .dipl_swiper_navigation .swiper-button-next',\r\n                            prevEl: '.dipl_woo_products_carousel_0 .dipl_woo_products_carousel_layout > .dipl_swiper_navigation .swiper-button-prev',\r\n                    },\r\n                            grabCursor: 'true',\r\n                            observer: true,\r\n\t\t\t\t\t\t\tobserveParents: true,\r\n                            breakpoints: {\r\n                            \t981: {\r\n\t\t                          \tslidesPerView: 3,\r\n\t\t                          \tspaceBetween: 20,\r\n                            \t\tslidesPerGroup: 1,\r\n                            \t\tslidesPerGroupSkip: 2,\r\n\t\t                        },\r\n\t\t                        768: {\r\n\t\t                          \tslidesPerView: 2,\r\n\t\t                          \tspaceBetween: 20,\r\n\t\t                          \tslidesPerGroup: 1,\r\n                            \t\tslidesPerGroupSkip: 1,\r\n\t\t                        },\r\n\t\t                        0: {\r\n\t\t                          \tslidesPerView: 1,\r\n\t\t                          \tspaceBetween: 20,\r\n\t\t                          \tslidesPerGroup: 1,\r\n                            \t\tslidesPerGroupSkip: 0,\r\n\t\t                        }\r\n\t\t                    },\r\n                    });$(\".dipl_woo_products_carousel_0 .dipl_woo_products_carousel_layout > .swiper-container\").on(\"mouseenter\", function(e) {\r\n\t\t\t\t\t\t\tif ( typeof dipl_woo_products_carousel_0_swiper.autoplay.stop === \"function\" ) {\r\n\t\t\t\t\t\t\t\tdipl_woo_products_carousel_0_swiper.autoplay.stop();\r\n\t\t\t\t\t\t\t}\r\n                        });$(\".dipl_woo_products_carousel_0 .dipl_woo_products_carousel_layout > .swiper-container\").on(\"mouseleave\", function(e) {\r\n        \t\t\t\t\tif ( typeof dipl_woo_products_carousel_0_swiper.autoplay.start === \"function\" ) {\r\n                            \tdipl_woo_products_carousel_0_swiper.autoplay.start();\r\n                            }\r\n                        });dipl_woo_products_carousel_0_swiper.on('reachEnd', function(){\r\n                            dipl_woo_products_carousel_0_swiper.autoplay = false;\r\n                        });});<\/script>\n\t\t\t\t<\/div>\n\t\t\t<\/div>Camps d&rsquo;hiver<div class=\"et_pb_module dipl_woo_products_carousel dipl_woo_products_carousel_1\">\n\t\t\t\t\n\t\t\t\t\n\t\t\t\t\n\t\t\t\t\n\t\t\t\t\n\t\t\t\t\n\t\t\t\t<div class=\"et_pb_module_inner\">\n\t\t\t\t\t<div class=\"entry\">\u00bbNous<\/div>\n\t\t\t\t<\/div>\n\t\t\t<\/div><\/p>\n","protected":false},"author":1,"featured_media":0,"parent":0,"menu_order":0,"comment_status":"closed","ping_status":"closed","template":"","meta":{"_et_pb_use_builder":"on","_et_pb_old_content":"","_et_gb_content_width":"","footnotes":""},"class_list":["post-574","page","type-page","status-publish","hentry"],"_links":{"self":[{"href":"https:\/\/skimaster.ca\/fr\/wp-json\/wp\/v2\/pages\/574","targetHints":{"allow":["GET"]}}],"collection":[{"href":"https:\/\/skimaster.ca\/fr\/wp-json\/wp\/v2\/pages"}],"about":[{"href":"https:\/\/skimaster.ca\/fr\/wp-json\/wp\/v2\/types\/page"}],"author":[{"embeddable":true,"href":"https:\/\/skimaster.ca\/fr\/wp-json\/wp\/v2\/users\/1"}],"replies":[{"embeddable":true,"href":"https:\/\/skimaster.ca\/fr\/wp-json\/wp\/v2\/comments?post=574"}],"version-history":[{"count":6,"href":"https:\/\/skimaster.ca\/fr\/wp-json\/wp\/v2\/pages\/574\/revisions"}],"predecessor-version":[{"id":932,"href":"https:\/\/skimaster.ca\/fr\/wp-json\/wp\/v2\/pages\/574\/revisions\/932"}],"wp:attachment":[{"href":"https:\/\/skimaster.ca\/fr\/wp-json\/wp\/v2\/media?parent=574"}],"curies":[{"name":"wp","href":"https:\/\/api.w.org\/{rel}","templated":true}]}}